{"id":18556,"date":"2025-08-05T18:12:46","date_gmt":"2025-08-05T18:12:46","guid":{"rendered":"https:\/\/datawalk.com\/?page_id=18556"},"modified":"2026-03-25T09:02:09","modified_gmt":"2026-03-25T09:02:09","slug":"home-4","status":"publish","type":"page","link":"https:\/\/datawalk.com\/pl\/home-4\/","title":{"rendered":"Home -4"},"content":{"rendered":"","protected":false},"excerpt":{"rendered":"","protected":false},"author":1,"featured_media":0,"parent":0,"menu_order":-1,"comment_status":"closed","ping_status":"closed","template":"","meta":{"_acf_changed":false,"footnotes":""},"acf":[],"yoast_head":"<!-- This site is optimized with the Yoast SEO Premium plugin v23.8 (Yoast SEO v23.8) - https:\/\/yoast.com\/wordpress\/plugins\/seo\/ -->\n<title>Polska platforma analityczna do zaawansowanej inwestygacji<\/title>\n<meta name=\"description\" content=\"Szybkie \u0142\u0105cznie ogromnych ilo\u015bci danych z r\u00f3\u017cnych \u017ar\u00f3de\u0142, wykrywanie trend\u00f3w, wzor\u00f3w i sieci powi\u0105za\u0144.\" \/>\n<meta name=\"robots\" content=\"index, follow, max-snippet:-1, max-image-preview:large, max-video-preview:-1\" \/>\n<link rel=\"canonical\" href=\"https:\/\/datawalk.com\/pl\/home-4\/\" \/>\n<meta property=\"og:locale\" content=\"pl_PL\" \/>\n<meta property=\"og:type\" content=\"article\" \/>\n<meta property=\"og:title\" content=\"Home -4\" \/>\n<meta property=\"og:description\" content=\"Szybkie \u0142\u0105cznie ogromnych ilo\u015bci danych z r\u00f3\u017cnych \u017ar\u00f3de\u0142, wykrywanie trend\u00f3w, wzor\u00f3w i sieci powi\u0105za\u0144.\" \/>\n<meta property=\"og:url\" content=\"https:\/\/datawalk.com\/pl\/home-4\/\" \/>\n<meta property=\"og:site_name\" content=\"DataWalk\" \/>\n<meta property=\"article:modified_time\" content=\"2026-03-25T09:02:09+00:00\" \/>\n<meta name=\"twitter:card\" content=\"summary_large_image\" \/>\n<script type=\"application\/ld+json\" class=\"yoast-schema-graph\">{\"@context\":\"https:\/\/schema.org\",\"@graph\":[{\"@type\":\"WebPage\",\"@id\":\"https:\/\/datawalk.com\/pl\/home-4\/\",\"url\":\"https:\/\/datawalk.com\/pl\/home-4\/\",\"name\":\"Polska platforma analityczna do zaawansowanej inwestygacji\",\"isPartOf\":{\"@id\":\"https:\/\/datawalk.com\/pl\/#website\"},\"datePublished\":\"2025-08-05T18:12:46+00:00\",\"dateModified\":\"2026-03-25T09:02:09+00:00\",\"description\":\"Szybkie \u0142\u0105cznie ogromnych ilo\u015bci danych z r\u00f3\u017cnych \u017ar\u00f3de\u0142, wykrywanie trend\u00f3w, wzor\u00f3w i sieci powi\u0105za\u0144.\",\"breadcrumb\":{\"@id\":\"https:\/\/datawalk.com\/pl\/home-4\/#breadcrumb\"},\"inLanguage\":\"pl-PL\",\"potentialAction\":[{\"@type\":\"ReadAction\",\"target\":[\"https:\/\/datawalk.com\/pl\/home-4\/\"]}]},{\"@type\":\"BreadcrumbList\",\"@id\":\"https:\/\/datawalk.com\/pl\/home-4\/#breadcrumb\",\"itemListElement\":[{\"@type\":\"ListItem\",\"position\":1,\"name\":\"Home\",\"item\":\"https:\/\/datawalk.com\/pl\/home-4-2\/\"},{\"@type\":\"ListItem\",\"position\":2,\"name\":\"Home -4\"}]},{\"@type\":\"WebSite\",\"@id\":\"https:\/\/datawalk.com\/pl\/#website\",\"url\":\"https:\/\/datawalk.com\/pl\/\",\"name\":\"DataWalk\",\"description\":\"analytical platform\",\"publisher\":{\"@id\":\"https:\/\/datawalk.com\/pl\/#organization\"},\"potentialAction\":[{\"@type\":\"SearchAction\",\"target\":{\"@type\":\"EntryPoint\",\"urlTemplate\":\"https:\/\/datawalk.com\/pl\/?s={search_term_string}\"},\"query-input\":{\"@type\":\"PropertyValueSpecification\",\"valueRequired\":true,\"valueName\":\"search_term_string\"}}],\"inLanguage\":\"pl-PL\"},{\"@type\":\"Organization\",\"@id\":\"https:\/\/datawalk.com\/pl\/#organization\",\"name\":\"DataWalk\",\"url\":\"https:\/\/datawalk.com\/pl\/\",\"logo\":{\"@type\":\"ImageObject\",\"inLanguage\":\"pl-PL\",\"@id\":\"https:\/\/datawalk.com\/pl\/#\/schema\/logo\/image\/\",\"url\":\"https:\/\/datawalk.com\/wp-content\/uploads\/2017\/08\/DataWalk-v7.08.png\",\"contentUrl\":\"https:\/\/datawalk.com\/wp-content\/uploads\/2017\/08\/DataWalk-v7.08.png\",\"width\":300,\"height\":75,\"caption\":\"DataWalk\"},\"image\":{\"@id\":\"https:\/\/datawalk.com\/pl\/#\/schema\/logo\/image\/\"}}]}<\/script>\n<!-- \/ Yoast SEO Premium plugin. -->","yoast_head_json":{"title":"Polska platforma analityczna do zaawansowanej inwestygacji","description":"Szybkie \u0142\u0105cznie ogromnych ilo\u015bci danych z r\u00f3\u017cnych \u017ar\u00f3de\u0142, wykrywanie trend\u00f3w, wzor\u00f3w i sieci powi\u0105za\u0144.","robots":{"index":"index","follow":"follow","max-snippet":"max-snippet:-1","max-image-preview":"max-image-preview:large","max-video-preview":"max-video-preview:-1"},"canonical":"https:\/\/datawalk.com\/pl\/home-4\/","og_locale":"pl_PL","og_type":"article","og_title":"Home -4","og_description":"Szybkie \u0142\u0105cznie ogromnych ilo\u015bci danych z r\u00f3\u017cnych \u017ar\u00f3de\u0142, wykrywanie trend\u00f3w, wzor\u00f3w i sieci powi\u0105za\u0144.","og_url":"https:\/\/datawalk.com\/pl\/home-4\/","og_site_name":"DataWalk","article_modified_time":"2026-03-25T09:02:09+00:00","twitter_card":"summary_large_image","schema":{"@context":"https:\/\/schema.org","@graph":[{"@type":"WebPage","@id":"https:\/\/datawalk.com\/pl\/home-4\/","url":"https:\/\/datawalk.com\/pl\/home-4\/","name":"Polska platforma analityczna do zaawansowanej inwestygacji","isPartOf":{"@id":"https:\/\/datawalk.com\/pl\/#website"},"datePublished":"2025-08-05T18:12:46+00:00","dateModified":"2026-03-25T09:02:09+00:00","description":"Szybkie \u0142\u0105cznie ogromnych ilo\u015bci danych z r\u00f3\u017cnych \u017ar\u00f3de\u0142, wykrywanie trend\u00f3w, wzor\u00f3w i sieci powi\u0105za\u0144.","breadcrumb":{"@id":"https:\/\/datawalk.com\/pl\/home-4\/#breadcrumb"},"inLanguage":"pl-PL","potentialAction":[{"@type":"ReadAction","target":["https:\/\/datawalk.com\/pl\/home-4\/"]}]},{"@type":"BreadcrumbList","@id":"https:\/\/datawalk.com\/pl\/home-4\/#breadcrumb","itemListElement":[{"@type":"ListItem","position":1,"name":"Home","item":"https:\/\/datawalk.com\/pl\/home-4-2\/"},{"@type":"ListItem","position":2,"name":"Home -4"}]},{"@type":"WebSite","@id":"https:\/\/datawalk.com\/pl\/#website","url":"https:\/\/datawalk.com\/pl\/","name":"DataWalk","description":"analytical platform","publisher":{"@id":"https:\/\/datawalk.com\/pl\/#organization"},"potentialAction":[{"@type":"SearchAction","target":{"@type":"EntryPoint","urlTemplate":"https:\/\/datawalk.com\/pl\/?s={search_term_string}"},"query-input":{"@type":"PropertyValueSpecification","valueRequired":true,"valueName":"search_term_string"}}],"inLanguage":"pl-PL"},{"@type":"Organization","@id":"https:\/\/datawalk.com\/pl\/#organization","name":"DataWalk","url":"https:\/\/datawalk.com\/pl\/","logo":{"@type":"ImageObject","inLanguage":"pl-PL","@id":"https:\/\/datawalk.com\/pl\/#\/schema\/logo\/image\/","url":"https:\/\/datawalk.com\/wp-content\/uploads\/2017\/08\/DataWalk-v7.08.png","contentUrl":"https:\/\/datawalk.com\/wp-content\/uploads\/2017\/08\/DataWalk-v7.08.png","width":300,"height":75,"caption":"DataWalk"},"image":{"@id":"https:\/\/datawalk.com\/pl\/#\/schema\/logo\/image\/"}}]}},"_links":{"self":[{"href":"https:\/\/datawalk.com\/pl\/wp-json\/wp\/v2\/pages\/18556"}],"collection":[{"href":"https:\/\/datawalk.com\/pl\/wp-json\/wp\/v2\/pages"}],"about":[{"href":"https:\/\/datawalk.com\/pl\/wp-json\/wp\/v2\/types\/page"}],"author":[{"embeddable":true,"href":"https:\/\/datawalk.com\/pl\/wp-json\/wp\/v2\/users\/1"}],"replies":[{"embeddable":true,"href":"https:\/\/datawalk.com\/pl\/wp-json\/wp\/v2\/comments?post=18556"}],"version-history":[{"count":2,"href":"https:\/\/datawalk.com\/pl\/wp-json\/wp\/v2\/pages\/18556\/revisions"}],"predecessor-version":[{"id":18559,"href":"https:\/\/datawalk.com\/pl\/wp-json\/wp\/v2\/pages\/18556\/revisions\/18559"}],"wp:attachment":[{"href":"https:\/\/datawalk.com\/pl\/wp-json\/wp\/v2\/media?parent=18556"}],"curies":[{"name":"wp","href":"https:\/\/api.w.org\/{rel}","templated":true}]}}