{"id":2306,"date":"2014-09-22T08:48:50","date_gmt":"2014-09-22T08:48:50","guid":{"rendered":"https:\/\/datawalk.com\/contact\/"},"modified":"2025-04-14T13:26:21","modified_gmt":"2025-04-14T13:26:21","slug":"kontakt-2","status":"publish","type":"page","link":"https:\/\/datawalk.com\/pl\/kontakt-2\/","title":{"rendered":"Kontakt"},"content":{"rendered":"<p>&lt;span style=&#8221;color: #11509f;&#8221; data-mce-style=&#8221;color: #11509f;&#8221;&gt;Stay in touch with us&lt;\/span&gt;Address<br \/>\n&lt;h2&gt;DataWalk&lt;\/h2&gt;&lt;p style=&#8221;margin-bottom: 5px;&#8221; data-mce-style=&#8221;margin-bottom: 5px;&#8221;&gt;&lt;i class=&#8221;icon-mail&#8221;&gt;&lt;\/i&gt; &lt;a href=&#8221;mailto:info@datawalk.com&#8221; data-mce-href=&#8221;mailto:info@datawalk.com&#8221;&gt;info@datawalk.com&lt;\/a&gt;&lt;\/p&gt;&lt;p style=&#8221;margin-bottom: 5px;&#8221; data-mce-style=&#8221;margin-bottom: 5px;&#8221;&gt;&lt;i class=&#8221;icon-phone&#8221;&gt;&lt;\/i&gt; &lt;a&gt; 800 475 8139&lt;\/a&gt;&lt;\/p&gt;<br \/>\ncenterno-repeat;center top;;&lt;br \/&gt;<br \/>\nSend us a messagecenterno-repeat;center top;;<p class=\"wpcf7-contact-form-not-found\"><strong>B\u0142\u0105d:<\/strong> Brak formularza kontaktowego.<\/p>leftno-repeat;center top;;<\/p>\n","protected":false},"excerpt":{"rendered":"<p>&lt;span style=&#8221;color: #11509f;&#8221; data-mce-style=&#8221;color: #11509f;&#8221;&gt;Stay in touch with us&lt;\/span&gt;Address &lt;h2&gt;DataWalk&lt;\/h2&gt;&lt;p<span class=\"excerpt-hellip\"> [\u2026]<\/span><\/p>\n","protected":false},"author":1,"featured_media":0,"parent":0,"menu_order":0,"comment_status":"open","ping_status":"open","template":"","meta":{"_acf_changed":false,"footnotes":""},"acf":[],"yoast_head":"<!-- This site is optimized with the Yoast SEO Premium plugin v23.8 (Yoast SEO v23.8) - https:\/\/yoast.com\/wordpress\/plugins\/seo\/ -->\n<title>Kontakt | DataWalk<\/title>\n<meta name=\"description\" content=\"Platforma DataWalk \u0142\u0105czy miliardy obiekt\u00f3w z wielu \u017ar\u00f3de\u0142 umo\u017cliwiaj\u0105c analityk\u0119 sieci powi\u0105za\u0144 w skali big data, znajduj\u0105c zastosowanie w zakresie analityki \u015bledczej w sektorze publicznym i komercyjnym.\" \/>\n<meta name=\"robots\" content=\"noindex, follow\" \/>\n<meta property=\"og:locale\" content=\"pl_PL\" \/>\n<meta property=\"og:type\" content=\"article\" \/>\n<meta property=\"og:title\" content=\"Kontakt\" \/>\n<meta property=\"og:description\" content=\"Platforma DataWalk \u0142\u0105czy miliardy obiekt\u00f3w z wielu \u017ar\u00f3de\u0142 umo\u017cliwiaj\u0105c analityk\u0119 sieci powi\u0105za\u0144 w skali big data, znajduj\u0105c zastosowanie w zakresie analityki \u015bledczej w sektorze publicznym i komercyjnym.\" \/>\n<meta property=\"og:url\" content=\"https:\/\/datawalk.com\/pl\/kontakt-2\/\" \/>\n<meta property=\"og:site_name\" content=\"DataWalk\" \/>\n<meta property=\"article:modified_time\" content=\"2025-04-14T13:26:21+00:00\" \/>\n<meta name=\"twitter:card\" content=\"summary_large_image\" \/>\n<meta name=\"twitter:label1\" content=\"Szacowany czas czytania\" \/>\n\t<meta name=\"twitter:data1\" content=\"1 minuta\" \/>\n<script type=\"application\/ld+json\" class=\"yoast-schema-graph\">{\"@context\":\"https:\/\/schema.org\",\"@graph\":[{\"@type\":[\"WebPage\",\"ContactPage\"],\"@id\":\"https:\/\/datawalk.com\/pl\/kontakt-2\/\",\"url\":\"https:\/\/datawalk.com\/pl\/kontakt-2\/\",\"name\":\"Kontakt | DataWalk\",\"isPartOf\":{\"@id\":\"https:\/\/datawalk.com\/pl\/#website\"},\"datePublished\":\"2014-09-22T08:48:50+00:00\",\"dateModified\":\"2025-04-14T13:26:21+00:00\",\"description\":\"Platforma DataWalk \u0142\u0105czy miliardy obiekt\u00f3w z wielu \u017ar\u00f3de\u0142 umo\u017cliwiaj\u0105c analityk\u0119 sieci powi\u0105za\u0144 w skali big data, znajduj\u0105c zastosowanie w zakresie analityki \u015bledczej w sektorze publicznym i komercyjnym.\",\"breadcrumb\":{\"@id\":\"https:\/\/datawalk.com\/pl\/kontakt-2\/#breadcrumb\"},\"inLanguage\":\"pl-PL\",\"potentialAction\":[{\"@type\":\"ReadAction\",\"target\":[\"https:\/\/datawalk.com\/pl\/kontakt-2\/\"]}]},{\"@type\":\"BreadcrumbList\",\"@id\":\"https:\/\/datawalk.com\/pl\/kontakt-2\/#breadcrumb\",\"itemListElement\":[{\"@type\":\"ListItem\",\"position\":1,\"name\":\"Home\",\"item\":\"https:\/\/datawalk.com\/pl\/home-4-2\/\"},{\"@type\":\"ListItem\",\"position\":2,\"name\":\"Kontakt\"}]},{\"@type\":\"WebSite\",\"@id\":\"https:\/\/datawalk.com\/pl\/#website\",\"url\":\"https:\/\/datawalk.com\/pl\/\",\"name\":\"DataWalk\",\"description\":\"analytical platform\",\"publisher\":{\"@id\":\"https:\/\/datawalk.com\/pl\/#organization\"},\"potentialAction\":[{\"@type\":\"SearchAction\",\"target\":{\"@type\":\"EntryPoint\",\"urlTemplate\":\"https:\/\/datawalk.com\/pl\/?s={search_term_string}\"},\"query-input\":{\"@type\":\"PropertyValueSpecification\",\"valueRequired\":true,\"valueName\":\"search_term_string\"}}],\"inLanguage\":\"pl-PL\"},{\"@type\":\"Organization\",\"@id\":\"https:\/\/datawalk.com\/pl\/#organization\",\"name\":\"DataWalk\",\"url\":\"https:\/\/datawalk.com\/pl\/\",\"logo\":{\"@type\":\"ImageObject\",\"inLanguage\":\"pl-PL\",\"@id\":\"https:\/\/datawalk.com\/pl\/#\/schema\/logo\/image\/\",\"url\":\"https:\/\/datawalk.com\/wp-content\/uploads\/2017\/08\/DataWalk-v7.08.png\",\"contentUrl\":\"https:\/\/datawalk.com\/wp-content\/uploads\/2017\/08\/DataWalk-v7.08.png\",\"width\":300,\"height\":75,\"caption\":\"DataWalk\"},\"image\":{\"@id\":\"https:\/\/datawalk.com\/pl\/#\/schema\/logo\/image\/\"}}]}<\/script>\n<!-- \/ Yoast SEO Premium plugin. -->","yoast_head_json":{"title":"Kontakt | DataWalk","description":"Platforma DataWalk \u0142\u0105czy miliardy obiekt\u00f3w z wielu \u017ar\u00f3de\u0142 umo\u017cliwiaj\u0105c analityk\u0119 sieci powi\u0105za\u0144 w skali big data, znajduj\u0105c zastosowanie w zakresie analityki \u015bledczej w sektorze publicznym i komercyjnym.","robots":{"index":"noindex","follow":"follow"},"og_locale":"pl_PL","og_type":"article","og_title":"Kontakt","og_description":"Platforma DataWalk \u0142\u0105czy miliardy obiekt\u00f3w z wielu \u017ar\u00f3de\u0142 umo\u017cliwiaj\u0105c analityk\u0119 sieci powi\u0105za\u0144 w skali big data, znajduj\u0105c zastosowanie w zakresie analityki \u015bledczej w sektorze publicznym i komercyjnym.","og_url":"https:\/\/datawalk.com\/pl\/kontakt-2\/","og_site_name":"DataWalk","article_modified_time":"2025-04-14T13:26:21+00:00","twitter_card":"summary_large_image","twitter_misc":{"Szacowany czas czytania":"1 minuta"},"schema":{"@context":"https:\/\/schema.org","@graph":[{"@type":["WebPage","ContactPage"],"@id":"https:\/\/datawalk.com\/pl\/kontakt-2\/","url":"https:\/\/datawalk.com\/pl\/kontakt-2\/","name":"Kontakt | DataWalk","isPartOf":{"@id":"https:\/\/datawalk.com\/pl\/#website"},"datePublished":"2014-09-22T08:48:50+00:00","dateModified":"2025-04-14T13:26:21+00:00","description":"Platforma DataWalk \u0142\u0105czy miliardy obiekt\u00f3w z wielu \u017ar\u00f3de\u0142 umo\u017cliwiaj\u0105c analityk\u0119 sieci powi\u0105za\u0144 w skali big data, znajduj\u0105c zastosowanie w zakresie analityki \u015bledczej w sektorze publicznym i komercyjnym.","breadcrumb":{"@id":"https:\/\/datawalk.com\/pl\/kontakt-2\/#breadcrumb"},"inLanguage":"pl-PL","potentialAction":[{"@type":"ReadAction","target":["https:\/\/datawalk.com\/pl\/kontakt-2\/"]}]},{"@type":"BreadcrumbList","@id":"https:\/\/datawalk.com\/pl\/kontakt-2\/#breadcrumb","itemListElement":[{"@type":"ListItem","position":1,"name":"Home","item":"https:\/\/datawalk.com\/pl\/home-4-2\/"},{"@type":"ListItem","position":2,"name":"Kontakt"}]},{"@type":"WebSite","@id":"https:\/\/datawalk.com\/pl\/#website","url":"https:\/\/datawalk.com\/pl\/","name":"DataWalk","description":"analytical platform","publisher":{"@id":"https:\/\/datawalk.com\/pl\/#organization"},"potentialAction":[{"@type":"SearchAction","target":{"@type":"EntryPoint","urlTemplate":"https:\/\/datawalk.com\/pl\/?s={search_term_string}"},"query-input":{"@type":"PropertyValueSpecification","valueRequired":true,"valueName":"search_term_string"}}],"inLanguage":"pl-PL"},{"@type":"Organization","@id":"https:\/\/datawalk.com\/pl\/#organization","name":"DataWalk","url":"https:\/\/datawalk.com\/pl\/","logo":{"@type":"ImageObject","inLanguage":"pl-PL","@id":"https:\/\/datawalk.com\/pl\/#\/schema\/logo\/image\/","url":"https:\/\/datawalk.com\/wp-content\/uploads\/2017\/08\/DataWalk-v7.08.png","contentUrl":"https:\/\/datawalk.com\/wp-content\/uploads\/2017\/08\/DataWalk-v7.08.png","width":300,"height":75,"caption":"DataWalk"},"image":{"@id":"https:\/\/datawalk.com\/pl\/#\/schema\/logo\/image\/"}}]}},"_links":{"self":[{"href":"https:\/\/datawalk.com\/pl\/wp-json\/wp\/v2\/pages\/2306"}],"collection":[{"href":"https:\/\/datawalk.com\/pl\/wp-json\/wp\/v2\/pages"}],"about":[{"href":"https:\/\/datawalk.com\/pl\/wp-json\/wp\/v2\/types\/page"}],"author":[{"embeddable":true,"href":"https:\/\/datawalk.com\/pl\/wp-json\/wp\/v2\/users\/1"}],"replies":[{"embeddable":true,"href":"https:\/\/datawalk.com\/pl\/wp-json\/wp\/v2\/comments?post=2306"}],"version-history":[{"count":1,"href":"https:\/\/datawalk.com\/pl\/wp-json\/wp\/v2\/pages\/2306\/revisions"}],"predecessor-version":[{"id":10013,"href":"https:\/\/datawalk.com\/pl\/wp-json\/wp\/v2\/pages\/2306\/revisions\/10013"}],"wp:attachment":[{"href":"https:\/\/datawalk.com\/pl\/wp-json\/wp\/v2\/media?parent=2306"}],"curies":[{"name":"wp","href":"https:\/\/api.w.org\/{rel}","templated":true}]}}