{"id":3848,"date":"2015-04-14T11:27:44","date_gmt":"2015-04-14T09:27:44","guid":{"rendered":"https:\/\/datawalk.pl\/?page_id=3848"},"modified":"2025-08-05T18:52:06","modified_gmt":"2025-08-05T18:52:06","slug":"lad-korporacyjny","status":"publish","type":"page","link":"https:\/\/datawalk.com\/pl\/lad-korporacyjny\/","title":{"rendered":"\u0141ad korporacyjny"},"content":{"rendered":"","protected":false},"excerpt":{"rendered":"","protected":false},"author":1,"featured_media":0,"parent":0,"menu_order":27,"comment_status":"open","ping_status":"closed","template":"","meta":{"_acf_changed":false,"footnotes":""},"acf":[],"yoast_head":"<!-- This site is optimized with the Yoast SEO Premium plugin v23.8 (Yoast SEO v23.8) - https:\/\/yoast.com\/wordpress\/plugins\/seo\/ -->\n<title>\u0141ad korporacyjny | DataWalk<\/title>\n<meta name=\"description\" content=\"Dokumenty korporacyjne i dobre praktyki sp\u00f3\u0142ki DataWalk.\" \/>\n<meta name=\"robots\" content=\"noindex, follow\" \/>\n<meta property=\"og:locale\" content=\"pl_PL\" \/>\n<meta property=\"og:type\" content=\"article\" \/>\n<meta property=\"og:title\" content=\"\u0141ad korporacyjny\" \/>\n<meta property=\"og:description\" content=\"Dokumenty korporacyjne i dobre praktyki sp\u00f3\u0142ki DataWalk.\" \/>\n<meta property=\"og:url\" content=\"https:\/\/datawalk.com\/pl\/lad-korporacyjny\/\" \/>\n<meta property=\"og:site_name\" content=\"DataWalk\" \/>\n<meta property=\"article:modified_time\" content=\"2025-08-05T18:52:06+00:00\" \/>\n<meta name=\"twitter:card\" content=\"summary_large_image\" \/>\n<script type=\"application\/ld+json\" class=\"yoast-schema-graph\">{\"@context\":\"https:\/\/schema.org\",\"@graph\":[{\"@type\":\"WebPage\",\"@id\":\"https:\/\/datawalk.com\/pl\/lad-korporacyjny\/\",\"url\":\"https:\/\/datawalk.com\/pl\/lad-korporacyjny\/\",\"name\":\"\u0141ad korporacyjny | DataWalk\",\"isPartOf\":{\"@id\":\"https:\/\/datawalk.com\/pl\/#website\"},\"datePublished\":\"2015-04-14T09:27:44+00:00\",\"dateModified\":\"2025-08-05T18:52:06+00:00\",\"description\":\"Dokumenty korporacyjne i dobre praktyki sp\u00f3\u0142ki DataWalk.\",\"breadcrumb\":{\"@id\":\"https:\/\/datawalk.com\/pl\/lad-korporacyjny\/#breadcrumb\"},\"inLanguage\":\"pl-PL\",\"potentialAction\":[{\"@type\":\"ReadAction\",\"target\":[\"https:\/\/datawalk.com\/pl\/lad-korporacyjny\/\"]}]},{\"@type\":\"BreadcrumbList\",\"@id\":\"https:\/\/datawalk.com\/pl\/lad-korporacyjny\/#breadcrumb\",\"itemListElement\":[{\"@type\":\"ListItem\",\"position\":1,\"name\":\"Home\",\"item\":\"https:\/\/datawalk.com\/pl\/home-4-2\/\"},{\"@type\":\"ListItem\",\"position\":2,\"name\":\"\u0141ad korporacyjny\"}]},{\"@type\":\"WebSite\",\"@id\":\"https:\/\/datawalk.com\/pl\/#website\",\"url\":\"https:\/\/datawalk.com\/pl\/\",\"name\":\"DataWalk\",\"description\":\"analytical platform\",\"publisher\":{\"@id\":\"https:\/\/datawalk.com\/pl\/#organization\"},\"potentialAction\":[{\"@type\":\"SearchAction\",\"target\":{\"@type\":\"EntryPoint\",\"urlTemplate\":\"https:\/\/datawalk.com\/pl\/?s={search_term_string}\"},\"query-input\":{\"@type\":\"PropertyValueSpecification\",\"valueRequired\":true,\"valueName\":\"search_term_string\"}}],\"inLanguage\":\"pl-PL\"},{\"@type\":\"Organization\",\"@id\":\"https:\/\/datawalk.com\/pl\/#organization\",\"name\":\"DataWalk\",\"url\":\"https:\/\/datawalk.com\/pl\/\",\"logo\":{\"@type\":\"ImageObject\",\"inLanguage\":\"pl-PL\",\"@id\":\"https:\/\/datawalk.com\/pl\/#\/schema\/logo\/image\/\",\"url\":\"https:\/\/datawalk.com\/wp-content\/uploads\/2017\/08\/DataWalk-v7.08.png\",\"contentUrl\":\"https:\/\/datawalk.com\/wp-content\/uploads\/2017\/08\/DataWalk-v7.08.png\",\"width\":300,\"height\":75,\"caption\":\"DataWalk\"},\"image\":{\"@id\":\"https:\/\/datawalk.com\/pl\/#\/schema\/logo\/image\/\"}}]}<\/script>\n<!-- \/ Yoast SEO Premium plugin. -->","yoast_head_json":{"title":"\u0141ad korporacyjny | DataWalk","description":"Dokumenty korporacyjne i dobre praktyki sp\u00f3\u0142ki DataWalk.","robots":{"index":"noindex","follow":"follow"},"og_locale":"pl_PL","og_type":"article","og_title":"\u0141ad korporacyjny","og_description":"Dokumenty korporacyjne i dobre praktyki sp\u00f3\u0142ki DataWalk.","og_url":"https:\/\/datawalk.com\/pl\/lad-korporacyjny\/","og_site_name":"DataWalk","article_modified_time":"2025-08-05T18:52:06+00:00","twitter_card":"summary_large_image","schema":{"@context":"https:\/\/schema.org","@graph":[{"@type":"WebPage","@id":"https:\/\/datawalk.com\/pl\/lad-korporacyjny\/","url":"https:\/\/datawalk.com\/pl\/lad-korporacyjny\/","name":"\u0141ad korporacyjny | DataWalk","isPartOf":{"@id":"https:\/\/datawalk.com\/pl\/#website"},"datePublished":"2015-04-14T09:27:44+00:00","dateModified":"2025-08-05T18:52:06+00:00","description":"Dokumenty korporacyjne i dobre praktyki sp\u00f3\u0142ki DataWalk.","breadcrumb":{"@id":"https:\/\/datawalk.com\/pl\/lad-korporacyjny\/#breadcrumb"},"inLanguage":"pl-PL","potentialAction":[{"@type":"ReadAction","target":["https:\/\/datawalk.com\/pl\/lad-korporacyjny\/"]}]},{"@type":"BreadcrumbList","@id":"https:\/\/datawalk.com\/pl\/lad-korporacyjny\/#breadcrumb","itemListElement":[{"@type":"ListItem","position":1,"name":"Home","item":"https:\/\/datawalk.com\/pl\/home-4-2\/"},{"@type":"ListItem","position":2,"name":"\u0141ad korporacyjny"}]},{"@type":"WebSite","@id":"https:\/\/datawalk.com\/pl\/#website","url":"https:\/\/datawalk.com\/pl\/","name":"DataWalk","description":"analytical platform","publisher":{"@id":"https:\/\/datawalk.com\/pl\/#organization"},"potentialAction":[{"@type":"SearchAction","target":{"@type":"EntryPoint","urlTemplate":"https:\/\/datawalk.com\/pl\/?s={search_term_string}"},"query-input":{"@type":"PropertyValueSpecification","valueRequired":true,"valueName":"search_term_string"}}],"inLanguage":"pl-PL"},{"@type":"Organization","@id":"https:\/\/datawalk.com\/pl\/#organization","name":"DataWalk","url":"https:\/\/datawalk.com\/pl\/","logo":{"@type":"ImageObject","inLanguage":"pl-PL","@id":"https:\/\/datawalk.com\/pl\/#\/schema\/logo\/image\/","url":"https:\/\/datawalk.com\/wp-content\/uploads\/2017\/08\/DataWalk-v7.08.png","contentUrl":"https:\/\/datawalk.com\/wp-content\/uploads\/2017\/08\/DataWalk-v7.08.png","width":300,"height":75,"caption":"DataWalk"},"image":{"@id":"https:\/\/datawalk.com\/pl\/#\/schema\/logo\/image\/"}}]}},"_links":{"self":[{"href":"https:\/\/datawalk.com\/pl\/wp-json\/wp\/v2\/pages\/3848"}],"collection":[{"href":"https:\/\/datawalk.com\/pl\/wp-json\/wp\/v2\/pages"}],"about":[{"href":"https:\/\/datawalk.com\/pl\/wp-json\/wp\/v2\/types\/page"}],"author":[{"embeddable":true,"href":"https:\/\/datawalk.com\/pl\/wp-json\/wp\/v2\/users\/1"}],"replies":[{"embeddable":true,"href":"https:\/\/datawalk.com\/pl\/wp-json\/wp\/v2\/comments?post=3848"}],"version-history":[{"count":1,"href":"https:\/\/datawalk.com\/pl\/wp-json\/wp\/v2\/pages\/3848\/revisions"}],"predecessor-version":[{"id":10109,"href":"https:\/\/datawalk.com\/pl\/wp-json\/wp\/v2\/pages\/3848\/revisions\/10109"}],"wp:attachment":[{"href":"https:\/\/datawalk.com\/pl\/wp-json\/wp\/v2\/media?parent=3848"}],"curies":[{"name":"wp","href":"https:\/\/api.w.org\/{rel}","templated":true}]}}