{"id":8006,"date":"2019-01-11T15:07:30","date_gmt":"2019-01-11T14:07:30","guid":{"rendered":"https:\/\/datawalk.pl\/?page_id=8006"},"modified":"2024-10-12T07:27:29","modified_gmt":"2024-10-12T07:27:29","slug":"poir-02-03-04-02-000917-00","status":"publish","type":"page","link":"https:\/\/datawalk.com\/pl\/projekty-ue\/poir-02-03-04-02-000917-00\/","title":{"rendered":"POIR.02.03.04-02-0009\/17-00"},"content":{"rendered":"<p><strong><br \/> <\/br><\/p>\n<h4>Ochrona prawna w\u0142asno\u015bci przemys\u0142owej dla wynalazku: \u201eSystemy i metody oznaczania pojedyncz\u0105 warto\u015bci\u0105 wynik\u00f3w wielu analiz\u201d.<\/h4>\n<p> <\/br><br \/>\n<strong>Cel projektu:<\/strong><\/p>\n<p><b>&#8211; uzyskanie mi\u0119dzynarodowej ochrony prawnej wynalazku &#8222;Systemy i metody oznaczania pojedyncz\u0105 warto\u015bci\u0105 wynik\u00f3w wielu analiz\u201d,<\/li>\n<p><b>&#8211; celem projektu jest zapewnienie DataWalk S.A. przewagi konkurencyjnej w obszarze zaawansowanych algorytm\u00f3w do analiz i zarz\u0105dzania danymi w du\u017cych zbiorach danych.<\/li>\n<p> <\/br><\/p>\n<p> <strong>Warto\u015b\u0107 projektu:\u00a0<\/strong>860\u00a0400,00 PLN <\/p>\n<p> <strong>Warto\u015b\u0107 dofinansowana:<\/strong>\u00a0361\u00a0150,00 PLN <\/p>\n<p> <\/br><\/p>\n","protected":false},"excerpt":{"rendered":"<p>Ochrona prawna w\u0142asno\u015bci przemys\u0142owej dla wynalazku: \u201eSystemy i metody oznaczania<span class=\"excerpt-hellip\"> [\u2026]<\/span><\/p>\n","protected":false},"author":1,"featured_media":0,"parent":9947,"menu_order":0,"comment_status":"closed","ping_status":"closed","template":"","meta":{"_acf_changed":false,"footnotes":""},"acf":[],"yoast_head":"<!-- This site is optimized with the Yoast SEO Premium plugin v23.8 (Yoast SEO v23.8) - https:\/\/yoast.com\/wordpress\/plugins\/seo\/ -->\n<title>POIR.02.03.04-02-0009\/17-00 | DataWalk<\/title>\n<meta name=\"description\" content=\"POIR.02.03.04-02-0009\/17-00 | DataWalk\" \/>\n<meta name=\"robots\" content=\"noindex, follow\" \/>\n<meta property=\"og:locale\" content=\"pl_PL\" \/>\n<meta property=\"og:type\" content=\"article\" \/>\n<meta property=\"og:title\" content=\"POIR.02.03.04-02-0009\/17-00\" \/>\n<meta property=\"og:description\" content=\"POIR.02.03.04-02-0009\/17-00 | DataWalk\" \/>\n<meta property=\"og:url\" content=\"https:\/\/datawalk.com\/pl\/projekty-ue\/poir-02-03-04-02-000917-00\/\" \/>\n<meta property=\"og:site_name\" content=\"DataWalk\" \/>\n<meta property=\"article:modified_time\" content=\"2024-10-12T07:27:29+00:00\" \/>\n<meta name=\"twitter:card\" content=\"summary_large_image\" \/>\n<meta name=\"twitter:label1\" content=\"Szacowany czas czytania\" \/>\n\t<meta name=\"twitter:data1\" content=\"1 minuta\" \/>\n<script type=\"application\/ld+json\" class=\"yoast-schema-graph\">{\"@context\":\"https:\/\/schema.org\",\"@graph\":[{\"@type\":\"WebPage\",\"@id\":\"https:\/\/datawalk.com\/pl\/projekty-ue\/poir-02-03-04-02-000917-00\/\",\"url\":\"https:\/\/datawalk.com\/pl\/projekty-ue\/poir-02-03-04-02-000917-00\/\",\"name\":\"POIR.02.03.04-02-0009\/17-00 | DataWalk\",\"isPartOf\":{\"@id\":\"https:\/\/datawalk.com\/pl\/#website\"},\"datePublished\":\"2019-01-11T14:07:30+00:00\",\"dateModified\":\"2024-10-12T07:27:29+00:00\",\"description\":\"POIR.02.03.04-02-0009\/17-00 | DataWalk\",\"breadcrumb\":{\"@id\":\"https:\/\/datawalk.com\/pl\/projekty-ue\/poir-02-03-04-02-000917-00\/#breadcrumb\"},\"inLanguage\":\"pl-PL\",\"potentialAction\":[{\"@type\":\"ReadAction\",\"target\":[\"https:\/\/datawalk.com\/pl\/projekty-ue\/poir-02-03-04-02-000917-00\/\"]}]},{\"@type\":\"BreadcrumbList\",\"@id\":\"https:\/\/datawalk.com\/pl\/projekty-ue\/poir-02-03-04-02-000917-00\/#breadcrumb\",\"itemListElement\":[{\"@type\":\"ListItem\",\"position\":1,\"name\":\"Home\",\"item\":\"https:\/\/datawalk.com\/pl\/home-4-2\/\"},{\"@type\":\"ListItem\",\"position\":2,\"name\":\"Projekty UE\",\"item\":\"https:\/\/datawalk.com\/pl\/projekty-ue\/\"},{\"@type\":\"ListItem\",\"position\":3,\"name\":\"POIR.02.03.04-02-0009\/17-00\"}]},{\"@type\":\"WebSite\",\"@id\":\"https:\/\/datawalk.com\/pl\/#website\",\"url\":\"https:\/\/datawalk.com\/pl\/\",\"name\":\"DataWalk\",\"description\":\"analytical platform\",\"publisher\":{\"@id\":\"https:\/\/datawalk.com\/pl\/#organization\"},\"potentialAction\":[{\"@type\":\"SearchAction\",\"target\":{\"@type\":\"EntryPoint\",\"urlTemplate\":\"https:\/\/datawalk.com\/pl\/?s={search_term_string}\"},\"query-input\":{\"@type\":\"PropertyValueSpecification\",\"valueRequired\":true,\"valueName\":\"search_term_string\"}}],\"inLanguage\":\"pl-PL\"},{\"@type\":\"Organization\",\"@id\":\"https:\/\/datawalk.com\/pl\/#organization\",\"name\":\"DataWalk\",\"url\":\"https:\/\/datawalk.com\/pl\/\",\"logo\":{\"@type\":\"ImageObject\",\"inLanguage\":\"pl-PL\",\"@id\":\"https:\/\/datawalk.com\/pl\/#\/schema\/logo\/image\/\",\"url\":\"https:\/\/datawalk.com\/wp-content\/uploads\/2017\/08\/DataWalk-v7.08.png\",\"contentUrl\":\"https:\/\/datawalk.com\/wp-content\/uploads\/2017\/08\/DataWalk-v7.08.png\",\"width\":300,\"height\":75,\"caption\":\"DataWalk\"},\"image\":{\"@id\":\"https:\/\/datawalk.com\/pl\/#\/schema\/logo\/image\/\"}}]}<\/script>\n<!-- \/ Yoast SEO Premium plugin. -->","yoast_head_json":{"title":"POIR.02.03.04-02-0009\/17-00 | DataWalk","description":"POIR.02.03.04-02-0009\/17-00 | DataWalk","robots":{"index":"noindex","follow":"follow"},"og_locale":"pl_PL","og_type":"article","og_title":"POIR.02.03.04-02-0009\/17-00","og_description":"POIR.02.03.04-02-0009\/17-00 | DataWalk","og_url":"https:\/\/datawalk.com\/pl\/projekty-ue\/poir-02-03-04-02-000917-00\/","og_site_name":"DataWalk","article_modified_time":"2024-10-12T07:27:29+00:00","twitter_card":"summary_large_image","twitter_misc":{"Szacowany czas czytania":"1 minuta"},"schema":{"@context":"https:\/\/schema.org","@graph":[{"@type":"WebPage","@id":"https:\/\/datawalk.com\/pl\/projekty-ue\/poir-02-03-04-02-000917-00\/","url":"https:\/\/datawalk.com\/pl\/projekty-ue\/poir-02-03-04-02-000917-00\/","name":"POIR.02.03.04-02-0009\/17-00 | DataWalk","isPartOf":{"@id":"https:\/\/datawalk.com\/pl\/#website"},"datePublished":"2019-01-11T14:07:30+00:00","dateModified":"2024-10-12T07:27:29+00:00","description":"POIR.02.03.04-02-0009\/17-00 | DataWalk","breadcrumb":{"@id":"https:\/\/datawalk.com\/pl\/projekty-ue\/poir-02-03-04-02-000917-00\/#breadcrumb"},"inLanguage":"pl-PL","potentialAction":[{"@type":"ReadAction","target":["https:\/\/datawalk.com\/pl\/projekty-ue\/poir-02-03-04-02-000917-00\/"]}]},{"@type":"BreadcrumbList","@id":"https:\/\/datawalk.com\/pl\/projekty-ue\/poir-02-03-04-02-000917-00\/#breadcrumb","itemListElement":[{"@type":"ListItem","position":1,"name":"Home","item":"https:\/\/datawalk.com\/pl\/home-4-2\/"},{"@type":"ListItem","position":2,"name":"Projekty UE","item":"https:\/\/datawalk.com\/pl\/projekty-ue\/"},{"@type":"ListItem","position":3,"name":"POIR.02.03.04-02-0009\/17-00"}]},{"@type":"WebSite","@id":"https:\/\/datawalk.com\/pl\/#website","url":"https:\/\/datawalk.com\/pl\/","name":"DataWalk","description":"analytical platform","publisher":{"@id":"https:\/\/datawalk.com\/pl\/#organization"},"potentialAction":[{"@type":"SearchAction","target":{"@type":"EntryPoint","urlTemplate":"https:\/\/datawalk.com\/pl\/?s={search_term_string}"},"query-input":{"@type":"PropertyValueSpecification","valueRequired":true,"valueName":"search_term_string"}}],"inLanguage":"pl-PL"},{"@type":"Organization","@id":"https:\/\/datawalk.com\/pl\/#organization","name":"DataWalk","url":"https:\/\/datawalk.com\/pl\/","logo":{"@type":"ImageObject","inLanguage":"pl-PL","@id":"https:\/\/datawalk.com\/pl\/#\/schema\/logo\/image\/","url":"https:\/\/datawalk.com\/wp-content\/uploads\/2017\/08\/DataWalk-v7.08.png","contentUrl":"https:\/\/datawalk.com\/wp-content\/uploads\/2017\/08\/DataWalk-v7.08.png","width":300,"height":75,"caption":"DataWalk"},"image":{"@id":"https:\/\/datawalk.com\/pl\/#\/schema\/logo\/image\/"}}]}},"_links":{"self":[{"href":"https:\/\/datawalk.com\/pl\/wp-json\/wp\/v2\/pages\/8006"}],"collection":[{"href":"https:\/\/datawalk.com\/pl\/wp-json\/wp\/v2\/pages"}],"about":[{"href":"https:\/\/datawalk.com\/pl\/wp-json\/wp\/v2\/types\/page"}],"author":[{"embeddable":true,"href":"https:\/\/datawalk.com\/pl\/wp-json\/wp\/v2\/users\/1"}],"replies":[{"embeddable":true,"href":"https:\/\/datawalk.com\/pl\/wp-json\/wp\/v2\/comments?post=8006"}],"version-history":[{"count":1,"href":"https:\/\/datawalk.com\/pl\/wp-json\/wp\/v2\/pages\/8006\/revisions"}],"predecessor-version":[{"id":17386,"href":"https:\/\/datawalk.com\/pl\/wp-json\/wp\/v2\/pages\/8006\/revisions\/17386"}],"up":[{"embeddable":true,"href":"https:\/\/datawalk.com\/pl\/wp-json\/wp\/v2\/pages\/9947"}],"wp:attachment":[{"href":"https:\/\/datawalk.com\/pl\/wp-json\/wp\/v2\/media?parent=8006"}],"curies":[{"name":"wp","href":"https:\/\/api.w.org\/{rel}","templated":true}]}}