{"id":9939,"date":"2015-03-16T13:59:22","date_gmt":"2015-03-16T13:59:22","guid":{"rendered":"https:\/\/datawalk.pl\/investors\/profile-of-activity\/"},"modified":"2023-01-12T08:49:03","modified_gmt":"2023-01-12T08:49:03","slug":"profil-dzialalnosci","status":"publish","type":"page","link":"https:\/\/datawalk.com\/pl\/o-spolce\/profil-dzialalnosci\/","title":{"rendered":"Profil dzia\u0142alno\u015bci"},"content":{"rendered":"","protected":false},"excerpt":{"rendered":"","protected":false},"author":1,"featured_media":0,"parent":3846,"menu_order":18,"comment_status":"open","ping_status":"closed","template":"","meta":{"_acf_changed":false,"footnotes":""},"acf":[],"yoast_head":"<!-- This site is optimized with the Yoast SEO Premium plugin v23.8 (Yoast SEO v23.8) - https:\/\/yoast.com\/wordpress\/plugins\/seo\/ -->\n<title>Profil dzia\u0142alno\u015bci | DataWalk<\/title>\n<meta name=\"description\" content=\"DataWalk SA to polska sp\u00f3\u0142ka notowana na GPW, kt\u00f3ra na bazie w\u0142asnej technologii zbudowa\u0142a produkt analityczny rozwi\u0105zuj\u0105cy globalne problemy w obszarze bezpiecze\u0144stwa.\" \/>\n<meta name=\"robots\" content=\"index, follow, max-snippet:-1, max-image-preview:large, max-video-preview:-1\" \/>\n<link rel=\"canonical\" href=\"https:\/\/datawalk.com\/pl\/o-spolce\/\" \/>\n<meta property=\"og:locale\" content=\"pl_PL\" \/>\n<meta property=\"og:type\" content=\"article\" \/>\n<meta property=\"og:title\" content=\"Profil dzia\u0142alno\u015bci\" \/>\n<meta property=\"og:description\" content=\"DataWalk SA to polska sp\u00f3\u0142ka notowana na GPW, kt\u00f3ra na bazie w\u0142asnej technologii zbudowa\u0142a produkt analityczny rozwi\u0105zuj\u0105cy globalne problemy w obszarze bezpiecze\u0144stwa.\" \/>\n<meta property=\"og:url\" content=\"https:\/\/datawalk.com\/pl\/o-spolce\/\" \/>\n<meta property=\"og:site_name\" content=\"DataWalk\" \/>\n<meta property=\"article:modified_time\" content=\"2023-01-12T08:49:03+00:00\" \/>\n<meta name=\"twitter:card\" content=\"summary_large_image\" \/>\n<script type=\"application\/ld+json\" class=\"yoast-schema-graph\">{\"@context\":\"https:\/\/schema.org\",\"@graph\":[{\"@type\":\"WebPage\",\"@id\":\"https:\/\/datawalk.com\/pl\/o-spolce\/profil-dzialalnosci\/\",\"url\":\"https:\/\/datawalk.com\/pl\/o-spolce\/\",\"name\":\"Profil dzia\u0142alno\u015bci | DataWalk\",\"isPartOf\":{\"@id\":\"https:\/\/datawalk.com\/pl\/#website\"},\"datePublished\":\"2015-03-16T13:59:22+00:00\",\"dateModified\":\"2023-01-12T08:49:03+00:00\",\"description\":\"DataWalk SA to polska sp\u00f3\u0142ka notowana na GPW, kt\u00f3ra na bazie w\u0142asnej technologii zbudowa\u0142a produkt analityczny rozwi\u0105zuj\u0105cy globalne problemy w obszarze bezpiecze\u0144stwa.\",\"breadcrumb\":{\"@id\":\"https:\/\/datawalk.com\/pl\/o-spolce\/#breadcrumb\"},\"inLanguage\":\"pl-PL\",\"potentialAction\":[{\"@type\":\"ReadAction\",\"target\":[\"https:\/\/datawalk.com\/pl\/o-spolce\/\"]}]},{\"@type\":\"BreadcrumbList\",\"@id\":\"https:\/\/datawalk.com\/pl\/o-spolce\/#breadcrumb\",\"itemListElement\":[{\"@type\":\"ListItem\",\"position\":1,\"name\":\"Home\",\"item\":\"https:\/\/datawalk.com\/pl\/home-4-2\/\"},{\"@type\":\"ListItem\",\"position\":2,\"name\":\"O sp\u00f3\u0142ce\",\"item\":\"https:\/\/datawalk.com\/pl\/o-spolce\/\"},{\"@type\":\"ListItem\",\"position\":3,\"name\":\"Profil dzia\u0142alno\u015bci\"}]},{\"@type\":\"WebSite\",\"@id\":\"https:\/\/datawalk.com\/pl\/#website\",\"url\":\"https:\/\/datawalk.com\/pl\/\",\"name\":\"DataWalk\",\"description\":\"analytical platform\",\"publisher\":{\"@id\":\"https:\/\/datawalk.com\/pl\/#organization\"},\"potentialAction\":[{\"@type\":\"SearchAction\",\"target\":{\"@type\":\"EntryPoint\",\"urlTemplate\":\"https:\/\/datawalk.com\/pl\/?s={search_term_string}\"},\"query-input\":{\"@type\":\"PropertyValueSpecification\",\"valueRequired\":true,\"valueName\":\"search_term_string\"}}],\"inLanguage\":\"pl-PL\"},{\"@type\":\"Organization\",\"@id\":\"https:\/\/datawalk.com\/pl\/#organization\",\"name\":\"DataWalk\",\"url\":\"https:\/\/datawalk.com\/pl\/\",\"logo\":{\"@type\":\"ImageObject\",\"inLanguage\":\"pl-PL\",\"@id\":\"https:\/\/datawalk.com\/pl\/#\/schema\/logo\/image\/\",\"url\":\"https:\/\/datawalk.com\/wp-content\/uploads\/2017\/08\/DataWalk-v7.08.png\",\"contentUrl\":\"https:\/\/datawalk.com\/wp-content\/uploads\/2017\/08\/DataWalk-v7.08.png\",\"width\":300,\"height\":75,\"caption\":\"DataWalk\"},\"image\":{\"@id\":\"https:\/\/datawalk.com\/pl\/#\/schema\/logo\/image\/\"}}]}<\/script>\n<!-- \/ Yoast SEO Premium plugin. -->","yoast_head_json":{"title":"Profil dzia\u0142alno\u015bci | DataWalk","description":"DataWalk SA to polska sp\u00f3\u0142ka notowana na GPW, kt\u00f3ra na bazie w\u0142asnej technologii zbudowa\u0142a produkt analityczny rozwi\u0105zuj\u0105cy globalne problemy w obszarze bezpiecze\u0144stwa.","robots":{"index":"index","follow":"follow","max-snippet":"max-snippet:-1","max-image-preview":"max-image-preview:large","max-video-preview":"max-video-preview:-1"},"canonical":"https:\/\/datawalk.com\/pl\/o-spolce\/","og_locale":"pl_PL","og_type":"article","og_title":"Profil dzia\u0142alno\u015bci","og_description":"DataWalk SA to polska sp\u00f3\u0142ka notowana na GPW, kt\u00f3ra na bazie w\u0142asnej technologii zbudowa\u0142a produkt analityczny rozwi\u0105zuj\u0105cy globalne problemy w obszarze bezpiecze\u0144stwa.","og_url":"https:\/\/datawalk.com\/pl\/o-spolce\/","og_site_name":"DataWalk","article_modified_time":"2023-01-12T08:49:03+00:00","twitter_card":"summary_large_image","schema":{"@context":"https:\/\/schema.org","@graph":[{"@type":"WebPage","@id":"https:\/\/datawalk.com\/pl\/o-spolce\/profil-dzialalnosci\/","url":"https:\/\/datawalk.com\/pl\/o-spolce\/","name":"Profil dzia\u0142alno\u015bci | DataWalk","isPartOf":{"@id":"https:\/\/datawalk.com\/pl\/#website"},"datePublished":"2015-03-16T13:59:22+00:00","dateModified":"2023-01-12T08:49:03+00:00","description":"DataWalk SA to polska sp\u00f3\u0142ka notowana na GPW, kt\u00f3ra na bazie w\u0142asnej technologii zbudowa\u0142a produkt analityczny rozwi\u0105zuj\u0105cy globalne problemy w obszarze bezpiecze\u0144stwa.","breadcrumb":{"@id":"https:\/\/datawalk.com\/pl\/o-spolce\/#breadcrumb"},"inLanguage":"pl-PL","potentialAction":[{"@type":"ReadAction","target":["https:\/\/datawalk.com\/pl\/o-spolce\/"]}]},{"@type":"BreadcrumbList","@id":"https:\/\/datawalk.com\/pl\/o-spolce\/#breadcrumb","itemListElement":[{"@type":"ListItem","position":1,"name":"Home","item":"https:\/\/datawalk.com\/pl\/home-4-2\/"},{"@type":"ListItem","position":2,"name":"O sp\u00f3\u0142ce","item":"https:\/\/datawalk.com\/pl\/o-spolce\/"},{"@type":"ListItem","position":3,"name":"Profil dzia\u0142alno\u015bci"}]},{"@type":"WebSite","@id":"https:\/\/datawalk.com\/pl\/#website","url":"https:\/\/datawalk.com\/pl\/","name":"DataWalk","description":"analytical platform","publisher":{"@id":"https:\/\/datawalk.com\/pl\/#organization"},"potentialAction":[{"@type":"SearchAction","target":{"@type":"EntryPoint","urlTemplate":"https:\/\/datawalk.com\/pl\/?s={search_term_string}"},"query-input":{"@type":"PropertyValueSpecification","valueRequired":true,"valueName":"search_term_string"}}],"inLanguage":"pl-PL"},{"@type":"Organization","@id":"https:\/\/datawalk.com\/pl\/#organization","name":"DataWalk","url":"https:\/\/datawalk.com\/pl\/","logo":{"@type":"ImageObject","inLanguage":"pl-PL","@id":"https:\/\/datawalk.com\/pl\/#\/schema\/logo\/image\/","url":"https:\/\/datawalk.com\/wp-content\/uploads\/2017\/08\/DataWalk-v7.08.png","contentUrl":"https:\/\/datawalk.com\/wp-content\/uploads\/2017\/08\/DataWalk-v7.08.png","width":300,"height":75,"caption":"DataWalk"},"image":{"@id":"https:\/\/datawalk.com\/pl\/#\/schema\/logo\/image\/"}}]}},"_links":{"self":[{"href":"https:\/\/datawalk.com\/pl\/wp-json\/wp\/v2\/pages\/9939"}],"collection":[{"href":"https:\/\/datawalk.com\/pl\/wp-json\/wp\/v2\/pages"}],"about":[{"href":"https:\/\/datawalk.com\/pl\/wp-json\/wp\/v2\/types\/page"}],"author":[{"embeddable":true,"href":"https:\/\/datawalk.com\/pl\/wp-json\/wp\/v2\/users\/1"}],"replies":[{"embeddable":true,"href":"https:\/\/datawalk.com\/pl\/wp-json\/wp\/v2\/comments?post=9939"}],"version-history":[{"count":1,"href":"https:\/\/datawalk.com\/pl\/wp-json\/wp\/v2\/pages\/9939\/revisions"}],"predecessor-version":[{"id":10513,"href":"https:\/\/datawalk.com\/pl\/wp-json\/wp\/v2\/pages\/9939\/revisions\/10513"}],"up":[{"embeddable":true,"href":"https:\/\/datawalk.com\/pl\/wp-json\/wp\/v2\/pages\/3846"}],"wp:attachment":[{"href":"https:\/\/datawalk.com\/pl\/wp-json\/wp\/v2\/media?parent=9939"}],"curies":[{"name":"wp","href":"https:\/\/api.w.org\/{rel}","templated":true}]}}