{"id":9947,"date":"2019-01-11T14:30:34","date_gmt":"2019-01-11T13:30:34","guid":{"rendered":"https:\/\/datawalk.pl\/?page_id=7982"},"modified":"2025-01-13T13:01:44","modified_gmt":"2025-01-13T13:01:44","slug":"projekty-ue","status":"publish","type":"page","link":"https:\/\/datawalk.com\/pl\/projekty-ue\/","title":{"rendered":"Projekty UE"},"content":{"rendered":"<h1>Projekty UE<\/h1>\n<h3>DataWalk S.A. realizuje projekty dofinansowane ze \u015brodk\u00f3w unijnych maj\u0105ce na celu uzyskanie ochrony prawno-patentowej w\u0142asno\u015bci intelektualnej dla wynalazk\u00f3w w trybie mi\u0119dzynarodowym.<\/h3>\n<ul>\n<li><a href=\"https:\/\/datawalk.com\/pl\/projekty-ue\/poir-02-03-04-02-000617-00\/\" data-wplink-edit=\"true\"><u>POIR.02.03.04-02-0006\/17-00<\/u><\/a><\/li>\n<li><a href=\"https:\/\/datawalk.com\/pl\/projekty-ue\/poir-02-03-04-02-000717-00\/\"><u>POIR.02.03.04-02-0007\/17-00<\/u><\/a><\/li>\n<li><a href=\"https:\/\/datawalk.com\/pl\/projekty-ue\/poir-02-03-04-02-000817-00-2\/\"><u>POIR.02.03.04-02-0008\/17-00<\/u><\/a><\/li>\n<li><a href=\"https:\/\/datawalk.com\/pl\/projekty-ue\/poir-02-03-04-02-000917-00\/\"><u>POIR.02.03.04-02-0009\/17-00<\/u><\/a><\/li>\n<\/ul>\n","protected":false},"excerpt":{"rendered":"<p>Projekty UE DataWalk S.A. realizuje projekty dofinansowane ze \u015brodk\u00f3w unijnych<span class=\"excerpt-hellip\"> [\u2026]<\/span><\/p>\n","protected":false},"author":1,"featured_media":0,"parent":0,"menu_order":6,"comment_status":"closed","ping_status":"closed","template":"","meta":{"_acf_changed":false,"footnotes":""},"acf":[],"yoast_head":"<!-- This site is optimized with the Yoast SEO Premium plugin v23.8 (Yoast SEO v23.8) - https:\/\/yoast.com\/wordpress\/plugins\/seo\/ -->\n<title>Projekty UE | DataWalk<\/title>\n<meta name=\"description\" content=\"DataWalk S.A. realizuje projekty dofinansowane ze \u015brodk\u00f3w unijnych maj\u0105ce na celu uzyskanie ochrony prawno-patentowej w\u0142asno\u015bci intelektualnej dla wynalazk\u00f3w w trybie mi\u0119dzynarodowym.\" \/>\n<meta name=\"robots\" content=\"noindex, follow\" \/>\n<meta property=\"og:locale\" content=\"pl_PL\" \/>\n<meta property=\"og:type\" content=\"article\" \/>\n<meta property=\"og:title\" content=\"Projekty UE\" \/>\n<meta property=\"og:description\" content=\"DataWalk S.A. realizuje projekty dofinansowane ze \u015brodk\u00f3w unijnych maj\u0105ce na celu uzyskanie ochrony prawno-patentowej w\u0142asno\u015bci intelektualnej dla wynalazk\u00f3w w trybie mi\u0119dzynarodowym.\" \/>\n<meta property=\"og:url\" content=\"https:\/\/datawalk.com\/pl\/projekty-ue\/\" \/>\n<meta property=\"og:site_name\" content=\"DataWalk\" \/>\n<meta property=\"article:modified_time\" content=\"2025-01-13T13:01:44+00:00\" \/>\n<meta name=\"twitter:card\" content=\"summary_large_image\" \/>\n<meta name=\"twitter:label1\" content=\"Szacowany czas czytania\" \/>\n\t<meta name=\"twitter:data1\" content=\"1 minuta\" \/>\n<script type=\"application\/ld+json\" class=\"yoast-schema-graph\">{\"@context\":\"https:\/\/schema.org\",\"@graph\":[{\"@type\":\"WebPage\",\"@id\":\"https:\/\/datawalk.com\/pl\/projekty-ue\/\",\"url\":\"https:\/\/datawalk.com\/pl\/projekty-ue\/\",\"name\":\"Projekty UE | DataWalk\",\"isPartOf\":{\"@id\":\"https:\/\/datawalk.com\/pl\/#website\"},\"datePublished\":\"2019-01-11T13:30:34+00:00\",\"dateModified\":\"2025-01-13T13:01:44+00:00\",\"description\":\"DataWalk S.A. realizuje projekty dofinansowane ze \u015brodk\u00f3w unijnych maj\u0105ce na celu uzyskanie ochrony prawno-patentowej w\u0142asno\u015bci intelektualnej dla wynalazk\u00f3w w trybie mi\u0119dzynarodowym.\",\"breadcrumb\":{\"@id\":\"https:\/\/datawalk.com\/pl\/projekty-ue\/#breadcrumb\"},\"inLanguage\":\"pl-PL\",\"potentialAction\":[{\"@type\":\"ReadAction\",\"target\":[\"https:\/\/datawalk.com\/pl\/projekty-ue\/\"]}]},{\"@type\":\"BreadcrumbList\",\"@id\":\"https:\/\/datawalk.com\/pl\/projekty-ue\/#breadcrumb\",\"itemListElement\":[{\"@type\":\"ListItem\",\"position\":1,\"name\":\"Home\",\"item\":\"https:\/\/datawalk.com\/pl\/home-4-2\/\"},{\"@type\":\"ListItem\",\"position\":2,\"name\":\"Projekty UE\"}]},{\"@type\":\"WebSite\",\"@id\":\"https:\/\/datawalk.com\/pl\/#website\",\"url\":\"https:\/\/datawalk.com\/pl\/\",\"name\":\"DataWalk\",\"description\":\"analytical platform\",\"publisher\":{\"@id\":\"https:\/\/datawalk.com\/pl\/#organization\"},\"potentialAction\":[{\"@type\":\"SearchAction\",\"target\":{\"@type\":\"EntryPoint\",\"urlTemplate\":\"https:\/\/datawalk.com\/pl\/?s={search_term_string}\"},\"query-input\":{\"@type\":\"PropertyValueSpecification\",\"valueRequired\":true,\"valueName\":\"search_term_string\"}}],\"inLanguage\":\"pl-PL\"},{\"@type\":\"Organization\",\"@id\":\"https:\/\/datawalk.com\/pl\/#organization\",\"name\":\"DataWalk\",\"url\":\"https:\/\/datawalk.com\/pl\/\",\"logo\":{\"@type\":\"ImageObject\",\"inLanguage\":\"pl-PL\",\"@id\":\"https:\/\/datawalk.com\/pl\/#\/schema\/logo\/image\/\",\"url\":\"https:\/\/datawalk.com\/wp-content\/uploads\/2017\/08\/DataWalk-v7.08.png\",\"contentUrl\":\"https:\/\/datawalk.com\/wp-content\/uploads\/2017\/08\/DataWalk-v7.08.png\",\"width\":300,\"height\":75,\"caption\":\"DataWalk\"},\"image\":{\"@id\":\"https:\/\/datawalk.com\/pl\/#\/schema\/logo\/image\/\"}}]}<\/script>\n<!-- \/ Yoast SEO Premium plugin. -->","yoast_head_json":{"title":"Projekty UE | DataWalk","description":"DataWalk S.A. realizuje projekty dofinansowane ze \u015brodk\u00f3w unijnych maj\u0105ce na celu uzyskanie ochrony prawno-patentowej w\u0142asno\u015bci intelektualnej dla wynalazk\u00f3w w trybie mi\u0119dzynarodowym.","robots":{"index":"noindex","follow":"follow"},"og_locale":"pl_PL","og_type":"article","og_title":"Projekty UE","og_description":"DataWalk S.A. realizuje projekty dofinansowane ze \u015brodk\u00f3w unijnych maj\u0105ce na celu uzyskanie ochrony prawno-patentowej w\u0142asno\u015bci intelektualnej dla wynalazk\u00f3w w trybie mi\u0119dzynarodowym.","og_url":"https:\/\/datawalk.com\/pl\/projekty-ue\/","og_site_name":"DataWalk","article_modified_time":"2025-01-13T13:01:44+00:00","twitter_card":"summary_large_image","twitter_misc":{"Szacowany czas czytania":"1 minuta"},"schema":{"@context":"https:\/\/schema.org","@graph":[{"@type":"WebPage","@id":"https:\/\/datawalk.com\/pl\/projekty-ue\/","url":"https:\/\/datawalk.com\/pl\/projekty-ue\/","name":"Projekty UE | DataWalk","isPartOf":{"@id":"https:\/\/datawalk.com\/pl\/#website"},"datePublished":"2019-01-11T13:30:34+00:00","dateModified":"2025-01-13T13:01:44+00:00","description":"DataWalk S.A. realizuje projekty dofinansowane ze \u015brodk\u00f3w unijnych maj\u0105ce na celu uzyskanie ochrony prawno-patentowej w\u0142asno\u015bci intelektualnej dla wynalazk\u00f3w w trybie mi\u0119dzynarodowym.","breadcrumb":{"@id":"https:\/\/datawalk.com\/pl\/projekty-ue\/#breadcrumb"},"inLanguage":"pl-PL","potentialAction":[{"@type":"ReadAction","target":["https:\/\/datawalk.com\/pl\/projekty-ue\/"]}]},{"@type":"BreadcrumbList","@id":"https:\/\/datawalk.com\/pl\/projekty-ue\/#breadcrumb","itemListElement":[{"@type":"ListItem","position":1,"name":"Home","item":"https:\/\/datawalk.com\/pl\/home-4-2\/"},{"@type":"ListItem","position":2,"name":"Projekty UE"}]},{"@type":"WebSite","@id":"https:\/\/datawalk.com\/pl\/#website","url":"https:\/\/datawalk.com\/pl\/","name":"DataWalk","description":"analytical platform","publisher":{"@id":"https:\/\/datawalk.com\/pl\/#organization"},"potentialAction":[{"@type":"SearchAction","target":{"@type":"EntryPoint","urlTemplate":"https:\/\/datawalk.com\/pl\/?s={search_term_string}"},"query-input":{"@type":"PropertyValueSpecification","valueRequired":true,"valueName":"search_term_string"}}],"inLanguage":"pl-PL"},{"@type":"Organization","@id":"https:\/\/datawalk.com\/pl\/#organization","name":"DataWalk","url":"https:\/\/datawalk.com\/pl\/","logo":{"@type":"ImageObject","inLanguage":"pl-PL","@id":"https:\/\/datawalk.com\/pl\/#\/schema\/logo\/image\/","url":"https:\/\/datawalk.com\/wp-content\/uploads\/2017\/08\/DataWalk-v7.08.png","contentUrl":"https:\/\/datawalk.com\/wp-content\/uploads\/2017\/08\/DataWalk-v7.08.png","width":300,"height":75,"caption":"DataWalk"},"image":{"@id":"https:\/\/datawalk.com\/pl\/#\/schema\/logo\/image\/"}}]}},"_links":{"self":[{"href":"https:\/\/datawalk.com\/pl\/wp-json\/wp\/v2\/pages\/9947"}],"collection":[{"href":"https:\/\/datawalk.com\/pl\/wp-json\/wp\/v2\/pages"}],"about":[{"href":"https:\/\/datawalk.com\/pl\/wp-json\/wp\/v2\/types\/page"}],"author":[{"embeddable":true,"href":"https:\/\/datawalk.com\/pl\/wp-json\/wp\/v2\/users\/1"}],"replies":[{"embeddable":true,"href":"https:\/\/datawalk.com\/pl\/wp-json\/wp\/v2\/comments?post=9947"}],"version-history":[{"count":3,"href":"https:\/\/datawalk.com\/pl\/wp-json\/wp\/v2\/pages\/9947\/revisions"}],"predecessor-version":[{"id":17542,"href":"https:\/\/datawalk.com\/pl\/wp-json\/wp\/v2\/pages\/9947\/revisions\/17542"}],"wp:attachment":[{"href":"https:\/\/datawalk.com\/pl\/wp-json\/wp\/v2\/media?parent=9947"}],"curies":[{"name":"wp","href":"https:\/\/api.w.org\/{rel}","templated":true}]}}