{"id":9985,"date":"2021-06-27T16:31:38","date_gmt":"2021-06-27T16:31:38","guid":{"rendered":"https:\/\/datawalk.com\/?page_id=9985"},"modified":"2024-10-12T07:27:20","modified_gmt":"2024-10-12T07:27:20","slug":"newsletter-inwestorski","status":"publish","type":"page","link":"https:\/\/datawalk.com\/pl\/newsletter-inwestorski\/","title":{"rendered":"Newsletter Inwestorski"},"content":{"rendered":"","protected":false},"excerpt":{"rendered":"","protected":false},"author":1,"featured_media":0,"parent":0,"menu_order":0,"comment_status":"closed","ping_status":"closed","template":"","meta":{"_acf_changed":false,"footnotes":""},"acf":[],"yoast_head":"<!-- This site is optimized with the Yoast SEO Premium plugin v23.8 (Yoast SEO v23.8) - https:\/\/yoast.com\/wordpress\/plugins\/seo\/ -->\n<title>Newsletter Inwestorski | DataWalk<\/title>\n<meta name=\"description\" content=\"B\u0105d\u017a na bie\u017c\u0105co - obserwuj rozw\u00f3j pierwszego polskiego produktu klasy Enterprise IT na globalnym rynku.\" \/>\n<meta name=\"robots\" content=\"noindex, follow\" \/>\n<meta property=\"og:locale\" content=\"pl_PL\" \/>\n<meta property=\"og:type\" content=\"article\" \/>\n<meta property=\"og:title\" content=\"Newsletter Inwestorski\" \/>\n<meta property=\"og:description\" content=\"B\u0105d\u017a na bie\u017c\u0105co - obserwuj rozw\u00f3j pierwszego polskiego produktu klasy Enterprise IT na globalnym rynku.\" \/>\n<meta property=\"og:url\" content=\"https:\/\/datawalk.com\/pl\/newsletter-inwestorski\/\" \/>\n<meta property=\"og:site_name\" content=\"DataWalk\" \/>\n<meta property=\"article:modified_time\" content=\"2024-10-12T07:27:20+00:00\" \/>\n<meta name=\"twitter:card\" content=\"summary_large_image\" \/>\n<script type=\"application\/ld+json\" class=\"yoast-schema-graph\">{\"@context\":\"https:\/\/schema.org\",\"@graph\":[{\"@type\":\"WebPage\",\"@id\":\"https:\/\/datawalk.com\/pl\/newsletter-inwestorski\/\",\"url\":\"https:\/\/datawalk.com\/pl\/newsletter-inwestorski\/\",\"name\":\"Newsletter Inwestorski | DataWalk\",\"isPartOf\":{\"@id\":\"https:\/\/datawalk.com\/pl\/#website\"},\"datePublished\":\"2021-06-27T16:31:38+00:00\",\"dateModified\":\"2024-10-12T07:27:20+00:00\",\"description\":\"B\u0105d\u017a na bie\u017c\u0105co - obserwuj rozw\u00f3j pierwszego polskiego produktu klasy Enterprise IT na globalnym rynku.\",\"breadcrumb\":{\"@id\":\"https:\/\/datawalk.com\/pl\/newsletter-inwestorski\/#breadcrumb\"},\"inLanguage\":\"pl-PL\",\"potentialAction\":[{\"@type\":\"ReadAction\",\"target\":[\"https:\/\/datawalk.com\/pl\/newsletter-inwestorski\/\"]}]},{\"@type\":\"BreadcrumbList\",\"@id\":\"https:\/\/datawalk.com\/pl\/newsletter-inwestorski\/#breadcrumb\",\"itemListElement\":[{\"@type\":\"ListItem\",\"position\":1,\"name\":\"Home\",\"item\":\"https:\/\/datawalk.com\/pl\/home-4-2\/\"},{\"@type\":\"ListItem\",\"position\":2,\"name\":\"Newsletter Inwestorski\"}]},{\"@type\":\"WebSite\",\"@id\":\"https:\/\/datawalk.com\/pl\/#website\",\"url\":\"https:\/\/datawalk.com\/pl\/\",\"name\":\"DataWalk\",\"description\":\"analytical platform\",\"publisher\":{\"@id\":\"https:\/\/datawalk.com\/pl\/#organization\"},\"potentialAction\":[{\"@type\":\"SearchAction\",\"target\":{\"@type\":\"EntryPoint\",\"urlTemplate\":\"https:\/\/datawalk.com\/pl\/?s={search_term_string}\"},\"query-input\":{\"@type\":\"PropertyValueSpecification\",\"valueRequired\":true,\"valueName\":\"search_term_string\"}}],\"inLanguage\":\"pl-PL\"},{\"@type\":\"Organization\",\"@id\":\"https:\/\/datawalk.com\/pl\/#organization\",\"name\":\"DataWalk\",\"url\":\"https:\/\/datawalk.com\/pl\/\",\"logo\":{\"@type\":\"ImageObject\",\"inLanguage\":\"pl-PL\",\"@id\":\"https:\/\/datawalk.com\/pl\/#\/schema\/logo\/image\/\",\"url\":\"https:\/\/datawalk.com\/wp-content\/uploads\/2017\/08\/DataWalk-v7.08.png\",\"contentUrl\":\"https:\/\/datawalk.com\/wp-content\/uploads\/2017\/08\/DataWalk-v7.08.png\",\"width\":300,\"height\":75,\"caption\":\"DataWalk\"},\"image\":{\"@id\":\"https:\/\/datawalk.com\/pl\/#\/schema\/logo\/image\/\"}}]}<\/script>\n<!-- \/ Yoast SEO Premium plugin. -->","yoast_head_json":{"title":"Newsletter Inwestorski | DataWalk","description":"B\u0105d\u017a na bie\u017c\u0105co - obserwuj rozw\u00f3j pierwszego polskiego produktu klasy Enterprise IT na globalnym rynku.","robots":{"index":"noindex","follow":"follow"},"og_locale":"pl_PL","og_type":"article","og_title":"Newsletter Inwestorski","og_description":"B\u0105d\u017a na bie\u017c\u0105co - obserwuj rozw\u00f3j pierwszego polskiego produktu klasy Enterprise IT na globalnym rynku.","og_url":"https:\/\/datawalk.com\/pl\/newsletter-inwestorski\/","og_site_name":"DataWalk","article_modified_time":"2024-10-12T07:27:20+00:00","twitter_card":"summary_large_image","schema":{"@context":"https:\/\/schema.org","@graph":[{"@type":"WebPage","@id":"https:\/\/datawalk.com\/pl\/newsletter-inwestorski\/","url":"https:\/\/datawalk.com\/pl\/newsletter-inwestorski\/","name":"Newsletter Inwestorski | DataWalk","isPartOf":{"@id":"https:\/\/datawalk.com\/pl\/#website"},"datePublished":"2021-06-27T16:31:38+00:00","dateModified":"2024-10-12T07:27:20+00:00","description":"B\u0105d\u017a na bie\u017c\u0105co - obserwuj rozw\u00f3j pierwszego polskiego produktu klasy Enterprise IT na globalnym rynku.","breadcrumb":{"@id":"https:\/\/datawalk.com\/pl\/newsletter-inwestorski\/#breadcrumb"},"inLanguage":"pl-PL","potentialAction":[{"@type":"ReadAction","target":["https:\/\/datawalk.com\/pl\/newsletter-inwestorski\/"]}]},{"@type":"BreadcrumbList","@id":"https:\/\/datawalk.com\/pl\/newsletter-inwestorski\/#breadcrumb","itemListElement":[{"@type":"ListItem","position":1,"name":"Home","item":"https:\/\/datawalk.com\/pl\/home-4-2\/"},{"@type":"ListItem","position":2,"name":"Newsletter Inwestorski"}]},{"@type":"WebSite","@id":"https:\/\/datawalk.com\/pl\/#website","url":"https:\/\/datawalk.com\/pl\/","name":"DataWalk","description":"analytical platform","publisher":{"@id":"https:\/\/datawalk.com\/pl\/#organization"},"potentialAction":[{"@type":"SearchAction","target":{"@type":"EntryPoint","urlTemplate":"https:\/\/datawalk.com\/pl\/?s={search_term_string}"},"query-input":{"@type":"PropertyValueSpecification","valueRequired":true,"valueName":"search_term_string"}}],"inLanguage":"pl-PL"},{"@type":"Organization","@id":"https:\/\/datawalk.com\/pl\/#organization","name":"DataWalk","url":"https:\/\/datawalk.com\/pl\/","logo":{"@type":"ImageObject","inLanguage":"pl-PL","@id":"https:\/\/datawalk.com\/pl\/#\/schema\/logo\/image\/","url":"https:\/\/datawalk.com\/wp-content\/uploads\/2017\/08\/DataWalk-v7.08.png","contentUrl":"https:\/\/datawalk.com\/wp-content\/uploads\/2017\/08\/DataWalk-v7.08.png","width":300,"height":75,"caption":"DataWalk"},"image":{"@id":"https:\/\/datawalk.com\/pl\/#\/schema\/logo\/image\/"}}]}},"_links":{"self":[{"href":"https:\/\/datawalk.com\/pl\/wp-json\/wp\/v2\/pages\/9985"}],"collection":[{"href":"https:\/\/datawalk.com\/pl\/wp-json\/wp\/v2\/pages"}],"about":[{"href":"https:\/\/datawalk.com\/pl\/wp-json\/wp\/v2\/types\/page"}],"author":[{"embeddable":true,"href":"https:\/\/datawalk.com\/pl\/wp-json\/wp\/v2\/users\/1"}],"replies":[{"embeddable":true,"href":"https:\/\/datawalk.com\/pl\/wp-json\/wp\/v2\/comments?post=9985"}],"version-history":[{"count":1,"href":"https:\/\/datawalk.com\/pl\/wp-json\/wp\/v2\/pages\/9985\/revisions"}],"predecessor-version":[{"id":9986,"href":"https:\/\/datawalk.com\/pl\/wp-json\/wp\/v2\/pages\/9985\/revisions\/9986"}],"wp:attachment":[{"href":"https:\/\/datawalk.com\/pl\/wp-json\/wp\/v2\/media?parent=9985"}],"curies":[{"name":"wp","href":"https:\/\/api.w.org\/{rel}","templated":true}]}}